{"id":3792,"date":"2024-10-24T23:17:52","date_gmt":"2024-10-24T23:17:52","guid":{"rendered":"https:\/\/elotitlan.com\/luxuryclub\/?page_id=3792"},"modified":"2024-11-12T07:13:00","modified_gmt":"2024-11-12T07:13:00","slug":"spa","status":"publish","type":"page","link":"https:\/\/luxurymag.mx\/luxuryclub\/spa\/","title":{"rendered":"SPA"},"content":{"rendered":"\t\t<div data-elementor-type=\"wp-page\" data-elementor-id=\"3792\" class=\"elementor elementor-3792\">\n\t\t\t\t\t\t<section class=\"elementor-section elementor-top-section elementor-element elementor-element-5f1c3899 elementor-section-full_width elementor-section-height-default elementor-section-height-default\" data-id=\"5f1c3899\" data-element_type=\"section\">\n\t\t\t\t\t\t<div class=\"elementor-container elementor-column-gap-no\">\n\t\t\t\t\t<div class=\"elementor-column elementor-col-100 elementor-top-column elementor-element elementor-element-43f1817f\" data-id=\"43f1817f\" data-element_type=\"column\">\n\t\t\t<div class=\"elementor-widget-wrap elementor-element-populated\">\n\t\t\t\t\t\t<div class=\"elementor-element elementor-element-5809cf53 elementor-widget elementor-widget-yprm_banner\" data-id=\"5809cf53\" data-element_type=\"widget\" data-widget_type=\"yprm_banner.default\">\n\t\t\t\t<div class=\"elementor-widget-container\">\n\t\t\t\t\t\t<div class=\"banner-wrapper banner-area banner-69ec1e17b2c84\" style=\"--transition-speed: 2300ms;\" data-settings=\"{&quot;loop&quot;:true,&quot;speed&quot;:300,&quot;autoplay&quot;:{&quot;delay&quot;:5000,&quot;disableOnInteraction&quot;:false,&quot;pauseOnMouseEnter&quot;:true},&quot;arrows&quot;:false,&quot;dots&quot;:true,&quot;dots_position&quot;:&quot;right&quot;,&quot;animation&quot;:&quot;&quot;}\">\n\t\t\t\t\t\t\t\t\t\t\t\t\t\t\t\t\n\t\t\t\t<div class=\"banner banner-items banner-69ec1e17b2c8b pagination-right\" id=\"banner-69ec1e17b2c8c\">\n          <div class=\"swiper-container\">\n            <div class=\"swiper-wrapper\">\n                    <div class=\"item swiper-slide item-banner banner-item-69ec1e17b2cb6 elementor-repeater-item-52097ec tac inherit\">\n        <div class=\"bg-image\" style=\"background-image: url(https:\/\/luxurymag.mx\/luxuryclub\/wp-content\/uploads\/2024\/10\/Nizuc.webp)\"><\/div>\n                  \n    <div class=\"bg-overlay\">\n          <\/div>\n\n                            <div class=\"container\">\n          <div class=\"cell middle\">\n\t\t\t\t\t\t\t\t\t\t\t\t\t<div class=\"heading\">\n\t\t\t\t\t\t\t\t\t\t\t\t\t\t\t\t\t<div class=\"sub-heading\">CLUB LUXURY EXPERIENCE<\/div>\n\t\t\t\t\t\t\t\t\t\t\t\t\t\t\t\t<h1 class=\"h\">\n\t\t\t\t\t\t\t\t\tSPA\t\t\t\t\t\t\t\t<\/h1>\n\t\t\t\t\t\t\t<\/div>\n\t\t\t\t\t\t\t\t\t\t\t\t\t\t\t\t\t    \t\t\t\t\t\t\t\t\t\t\t<\/div>\n\t\t\t\t<\/div>\n\t\t\t<\/div>\n\t\t            <\/div>\n          <\/div>\n          \n          \n          <div class=\"owl-dots\"><\/div>          \n\t\t\t\t<\/div>\n\n\t\t\t<\/div>\n\t\t\t\t<\/div>\n\t\t\t\t<\/div>\n\t\t\t\t\t<\/div>\n\t\t<\/div>\n\t\t\t\t\t<\/div>\n\t\t<\/section>\n\t\t\t\t<section class=\"elementor-section elementor-top-section elementor-element elementor-element-159a9c89 elementor-section-boxed elementor-section-height-default elementor-section-height-default\" data-id=\"159a9c89\" data-element_type=\"section\">\n\t\t\t\t\t\t<div class=\"elementor-container elementor-column-gap-default\">\n\t\t\t\t\t<div class=\"elementor-column elementor-col-50 elementor-top-column elementor-element elementor-element-608d77b8\" data-id=\"608d77b8\" data-element_type=\"column\">\n\t\t\t<div class=\"elementor-widget-wrap elementor-element-populated\">\n\t\t\t\t\t\t<div class=\"elementor-element elementor-element-5786c07f elementor-widget elementor-widget-yprm_heading\" data-id=\"5786c07f\" data-element_type=\"widget\" data-widget_type=\"yprm_heading.default\">\n\t\t\t\t<div class=\"elementor-widget-container\">\n\t\t\t\t\t\t<div class=\"heading-block with-line tal\">\n\t\t\t\t                  <h2 class=\"h\">NIZUC<\/h2>\n        \t\t\t<\/div>\n              <div class=\"heading-content\">NIZUC SPA BY ESPA<\/div>\n      \t\t\t\t<\/div>\n\t\t\t\t<\/div>\n\t\t\t\t<div class=\"elementor-element elementor-element-6ffff59 elementor-widget elementor-widget-yprm_tabs\" data-id=\"6ffff59\" data-element_type=\"widget\" data-widget_type=\"yprm_tabs.default\">\n\t\t\t\t<div class=\"elementor-widget-container\">\n\t\t\t\t\t<div class=\"pt-tabs tabs elementor-block tabs-69ec1e17b3928\">\n\t\t\t<div class=\"tabs-head\" role=\"tablist\"><\/div>\n\t\t\t<div class=\"tabs-body\" role=\"tablist\" aria-orientation=\"vertical\">\n\t\t\t\t          <div id=\"pt-tab-content-1171\" class=\"pt-tab-content elementor-clearfix item\" data-tab=\"1\" data-name=\"Descripci\u00f3n\" role=\"tabpanel\" aria-labelledby=\"pt-tab-title-1171\" tabindex=\"0\">\n            <p><img decoding=\"async\" class=\"wp-image-3807 alignleft\" src=\"https:\/\/elotitlan.com\/luxuryclub\/wp-content\/uploads\/2024\/10\/Nizuc-300x247.png\" alt=\"\" width=\"200\" height=\"165\" srcset=\"https:\/\/luxurymag.mx\/luxuryclub\/wp-content\/uploads\/2024\/10\/Nizuc-300x247.png 300w, https:\/\/luxurymag.mx\/luxuryclub\/wp-content\/uploads\/2024\/10\/Nizuc-70x58.png 70w, https:\/\/luxurymag.mx\/luxuryclub\/wp-content\/uploads\/2024\/10\/Nizuc.png 480w\" sizes=\"(max-width: 200px) 100vw, 200px\" \/><\/p><p>Es el lugar perfecto para reencontrarse con la naturaleza en el Caribe Mexicano. Las terapias europeas avanzadas, productos y el lujo exclusivo de la firma ESPA son combinadas con los rituales ancestrales Mayas para una experiencia de spa inigualable.<\/p>\t\t\t\t\t<\/div>\n\t\t\t\t          <div id=\"pt-tab-content-1172\" class=\"pt-tab-content elementor-clearfix item\" data-tab=\"2\" data-name=\"Ubicaciones\" role=\"tabpanel\" aria-labelledby=\"pt-tab-title-1172\" tabindex=\"0\">\n            <iframe src=\"https:\/\/www.google.com\/maps\/embed?pb=!1m18!1m12!1m3!1d3723.992760076765!2d-86.79053827417435!3d21.032975687632714!2m3!1f0!2f0!3f0!3m2!1i1024!2i768!4f13.1!3m3!1m2!1s0x8f4e825bf4b4c42d%3A0xe07b90a39f74847d!2sNIZUC%20Resort%20%26%20Spa%20-%20Cancun!5e0!3m2!1ses-419!2smx!4v1729816761019!5m2!1ses-419!2smx\" width=\"100%\" height=\"250\" style=\"border:0;\" allowfullscreen=\"\" loading=\"lazy\" referrerpolicy=\"no-referrer-when-downgrade\"><\/iframe>\t\t\t\t\t<\/div>\n\t\t\t\t\t\t\t<\/div>\n\t\t<\/div>\n\t\t\t\t<\/div>\n\t\t\t\t<\/div>\n\t\t\t\t<div class=\"elementor-element elementor-element-23767ca9 elementor-widget elementor-widget-yprm_button\" data-id=\"23767ca9\" data-element_type=\"widget\" data-widget_type=\"yprm_button.default\">\n\t\t\t\t<div class=\"elementor-widget-container\">\n\t\t\t\n\t\t<div class=\"button-container\">\n\t\t\t<a class=\"button-elementor button-style1\" href=\"#\" target=\"_self\">\n\t\t\t\t\t\t\t\t<span>Saber m\u00e1s<\/span>\n\t\t\t\t<i class=\"basic-ui basic-ui-icon-right-arrow\"><\/i>\t\t\t<\/a>\n\t\t<\/div>\n\n\t\t\t\t<\/div>\n\t\t\t\t<\/div>\n\t\t\t\t\t<\/div>\n\t\t<\/div>\n\t\t\t\t<div class=\"elementor-column elementor-col-50 elementor-top-column elementor-element elementor-element-5d110a28\" data-id=\"5d110a28\" data-element_type=\"column\">\n\t\t\t<div class=\"elementor-widget-wrap elementor-element-populated\">\n\t\t\t\t\t\t<div class=\"elementor-element elementor-element-388d6900 elementor-widget elementor-widget-yprm_side_image\" data-id=\"388d6900\" data-element_type=\"widget\" data-widget_type=\"yprm_side_image.default\">\n\t\t\t\t<div class=\"elementor-widget-container\">\n\t\t\t\t\t\t<div class=\"side-img style-square align-right\">\n\t\t\t\t<div style=\"background-image: url(https:\/\/luxurymag.mx\/luxuryclub\/wp-content\/uploads\/2024\/10\/NIZUC-Spa-cancun.webp);\"><\/div>\n\t\t\t<\/div>\n\t\t\t\t<\/div>\n\t\t\t\t<\/div>\n\t\t\t\t\t<\/div>\n\t\t<\/div>\n\t\t\t\t\t<\/div>\n\t\t<\/section>\n\t\t\t\t<section class=\"elementor-section elementor-top-section elementor-element elementor-element-60951132 elementor-section-boxed elementor-section-height-default elementor-section-height-default\" data-id=\"60951132\" data-element_type=\"section\">\n\t\t\t\t\t\t<div class=\"elementor-container elementor-column-gap-default\">\n\t\t\t\t\t<div class=\"elementor-column elementor-col-50 elementor-top-column elementor-element elementor-element-6aa68194\" data-id=\"6aa68194\" data-element_type=\"column\">\n\t\t\t<div class=\"elementor-widget-wrap elementor-element-populated\">\n\t\t\t\t\t\t<div class=\"elementor-element elementor-element-2e4c279a elementor-widget elementor-widget-yprm_heading\" data-id=\"2e4c279a\" data-element_type=\"widget\" data-widget_type=\"yprm_heading.default\">\n\t\t\t\t<div class=\"elementor-widget-container\">\n\t\t\t\t\t\t<div class=\"heading-block with-line tal\">\n\t\t\t\t                  <h2 class=\"h\">AMAR NAIL SPA<\/h2>\n        \t\t\t<\/div>\n              <div class=\"heading-content\">SPA<\/div>\n      \t\t\t\t<\/div>\n\t\t\t\t<\/div>\n\t\t\t\t<div class=\"elementor-element elementor-element-45edc136 elementor-widget elementor-widget-yprm_tabs\" data-id=\"45edc136\" data-element_type=\"widget\" data-widget_type=\"yprm_tabs.default\">\n\t\t\t\t<div class=\"elementor-widget-container\">\n\t\t\t\t\t<div class=\"pt-tabs tabs elementor-block tabs-69ec1e17b46a7\">\n\t\t\t<div class=\"tabs-head\" role=\"tablist\"><\/div>\n\t\t\t<div class=\"tabs-body\" role=\"tablist\" aria-orientation=\"vertical\">\n\t\t\t\t          <div id=\"pt-tab-content-1171\" class=\"pt-tab-content elementor-clearfix item\" data-tab=\"1\" data-name=\"Descripci\u00f3n\" role=\"tabpanel\" aria-labelledby=\"pt-tab-title-1171\" tabindex=\"0\">\n            <img decoding=\"async\" class=\"wp-image-3815 alignleft\" src=\"https:\/\/elotitlan.com\/luxuryclub\/wp-content\/uploads\/2024\/10\/Amar-300x300.png\" alt=\"\" width=\"200\" height=\"200\" srcset=\"https:\/\/luxurymag.mx\/luxuryclub\/wp-content\/uploads\/2024\/10\/Amar-300x300.png 300w, https:\/\/luxurymag.mx\/luxuryclub\/wp-content\/uploads\/2024\/10\/Amar-150x150.png 150w, https:\/\/luxurymag.mx\/luxuryclub\/wp-content\/uploads\/2024\/10\/Amar-70x70.png 70w, https:\/\/luxurymag.mx\/luxuryclub\/wp-content\/uploads\/2024\/10\/Amar.png 480w\" sizes=\"(max-width: 200px) 100vw, 200px\" \/>Expertos en u\u00f1as, manicura , pedicura y t\u00e9cnicas de ultima tendencia tambi\u00e9n nos especializamos en lifting de pesta\u00f1as y dise\u00f1o en ceja para realzar tu belleza natural\t\t\t\t\t<\/div>\n\t\t\t\t          <div id=\"pt-tab-content-1172\" class=\"pt-tab-content elementor-clearfix item\" data-tab=\"2\" data-name=\"Ubicaciones\" role=\"tabpanel\" aria-labelledby=\"pt-tab-title-1172\" tabindex=\"0\">\n            <iframe src=\"https:\/\/www.google.com\/maps\/embed?pb=!1m18!1m12!1m3!1d14884.374956664411!2d-86.8189828!3d21.1486675!2m3!1f0!2f0!3f0!3m2!1i1024!2i768!4f13.1!3m3!1m2!1s0x8f4c2980739de2a3%3A0x939660c8a45ee013!2sAmar%20Nail%20Spa!5e0!3m2!1ses-419!2smx!4v1729818229020!5m2!1ses-419!2smx\" width=\"100%\" height=\"250\" style=\"border:0;\" allowfullscreen=\"\" loading=\"lazy\" referrerpolicy=\"no-referrer-when-downgrade\"><\/iframe>\t\t\t\t\t<\/div>\n\t\t\t\t\t\t\t<\/div>\n\t\t<\/div>\n\t\t\t\t<\/div>\n\t\t\t\t<\/div>\n\t\t\t\t<div class=\"elementor-element elementor-element-6382b208 elementor-widget elementor-widget-yprm_button\" data-id=\"6382b208\" data-element_type=\"widget\" data-widget_type=\"yprm_button.default\">\n\t\t\t\t<div class=\"elementor-widget-container\">\n\t\t\t\n\t\t<div class=\"button-container\">\n\t\t\t<a class=\"button-elementor button-style1\" href=\"#\" target=\"_self\">\n\t\t\t\t\t\t\t\t<span>Saber m\u00e1s<\/span>\n\t\t\t\t<i class=\"basic-ui basic-ui-icon-right-arrow\"><\/i>\t\t\t<\/a>\n\t\t<\/div>\n\n\t\t\t\t<\/div>\n\t\t\t\t<\/div>\n\t\t\t\t\t<\/div>\n\t\t<\/div>\n\t\t\t\t<div class=\"elementor-column elementor-col-50 elementor-top-column elementor-element elementor-element-3548bbd\" data-id=\"3548bbd\" data-element_type=\"column\">\n\t\t\t<div class=\"elementor-widget-wrap elementor-element-populated\">\n\t\t\t\t\t\t<div class=\"elementor-element elementor-element-31e08cdc elementor-widget elementor-widget-yprm_side_image\" data-id=\"31e08cdc\" data-element_type=\"widget\" data-widget_type=\"yprm_side_image.default\">\n\t\t\t\t<div class=\"elementor-widget-container\">\n\t\t\t\t\t\t<div class=\"side-img style-square align-right\">\n\t\t\t\t<div style=\"background-image: url(https:\/\/luxurymag.mx\/luxuryclub\/wp-content\/uploads\/2024\/10\/Amae.webp);\"><\/div>\n\t\t\t<\/div>\n\t\t\t\t<\/div>\n\t\t\t\t<\/div>\n\t\t\t\t\t<\/div>\n\t\t<\/div>\n\t\t\t\t\t<\/div>\n\t\t<\/section>\n\t\t\t\t<\/div>\n\t\t","protected":false},"excerpt":{"rendered":"<p>CLUB LUXURY EXPERIENCE SPA NIZUC NIZUC SPA BY ESPA Es el lugar perfecto para reencontrarse con la naturaleza en el Caribe Mexicano. Las terapias europeas avanzadas, productos y el lujo exclusivo de la firma ESPA son combinadas con los rituales ancestrales Mayas para una experiencia de spa inigualable. Saber m\u00e1s AMAR NAIL SPA SPA Expertos [&hellip;]<\/p>\n","protected":false},"author":1,"featured_media":0,"parent":0,"menu_order":0,"comment_status":"closed","ping_status":"closed","template":"template-landing.php","meta":{"_acf_changed":false,"footnotes":""},"class_list":["post-3792","page","type-page","status-publish","hentry"],"acf":[],"_links":{"self":[{"href":"https:\/\/luxurymag.mx\/luxuryclub\/wp-json\/wp\/v2\/pages\/3792","targetHints":{"allow":["GET"]}}],"collection":[{"href":"https:\/\/luxurymag.mx\/luxuryclub\/wp-json\/wp\/v2\/pages"}],"about":[{"href":"https:\/\/luxurymag.mx\/luxuryclub\/wp-json\/wp\/v2\/types\/page"}],"author":[{"embeddable":true,"href":"https:\/\/luxurymag.mx\/luxuryclub\/wp-json\/wp\/v2\/users\/1"}],"replies":[{"embeddable":true,"href":"https:\/\/luxurymag.mx\/luxuryclub\/wp-json\/wp\/v2\/comments?post=3792"}],"version-history":[{"count":25,"href":"https:\/\/luxurymag.mx\/luxuryclub\/wp-json\/wp\/v2\/pages\/3792\/revisions"}],"predecessor-version":[{"id":4283,"href":"https:\/\/luxurymag.mx\/luxuryclub\/wp-json\/wp\/v2\/pages\/3792\/revisions\/4283"}],"wp:attachment":[{"href":"https:\/\/luxurymag.mx\/luxuryclub\/wp-json\/wp\/v2\/media?parent=3792"}],"curies":[{"name":"wp","href":"https:\/\/api.w.org\/{rel}","templated":true}]}}