{"id":3623,"date":"2024-10-23T20:16:46","date_gmt":"2024-10-23T20:16:46","guid":{"rendered":"https:\/\/elotitlan.com\/luxuryclub\/?page_id=3623"},"modified":"2026-02-02T22:05:35","modified_gmt":"2026-02-02T22:05:35","slug":"membresias","status":"publish","type":"page","link":"https:\/\/luxurymag.mx\/luxuryclub\/membresias\/","title":{"rendered":"Membresias"},"content":{"rendered":"\t\t<div data-elementor-type=\"wp-page\" data-elementor-id=\"3623\" class=\"elementor elementor-3623\">\n\t\t\t\t\t\t<section class=\"elementor-section elementor-top-section elementor-element elementor-element-374ea4aa elementor-section-full_width elementor-section-height-default elementor-section-height-default\" data-id=\"374ea4aa\" data-element_type=\"section\">\n\t\t\t\t\t\t<div class=\"elementor-container elementor-column-gap-no\">\n\t\t\t\t\t<div class=\"elementor-column elementor-col-100 elementor-top-column elementor-element elementor-element-409c3b01\" data-id=\"409c3b01\" data-element_type=\"column\">\n\t\t\t<div class=\"elementor-widget-wrap elementor-element-populated\">\n\t\t\t\t\t\t<div class=\"elementor-element elementor-element-663604d7 elementor-hidden-desktop elementor-hidden-tablet elementor-hidden-mobile elementor-widget elementor-widget-yprm_banner\" data-id=\"663604d7\" data-element_type=\"widget\" data-widget_type=\"yprm_banner.default\">\n\t\t\t\t<div class=\"elementor-widget-container\">\n\t\t\t\t\t\t<div class=\"banner-wrapper banner-area banner-69eb94f8d3bbe\" style=\"--transition-speed: 2300ms;\" data-settings=\"{&quot;loop&quot;:true,&quot;speed&quot;:300,&quot;autoplay&quot;:{&quot;delay&quot;:5000,&quot;disableOnInteraction&quot;:false,&quot;pauseOnMouseEnter&quot;:true},&quot;arrows&quot;:true,&quot;dots&quot;:true,&quot;dots_position&quot;:&quot;left&quot;,&quot;animation&quot;:&quot;&quot;}\">\n\t\t\t\t\t\t<div class=\"banner-social-buttons\">\n\t\t\t<div class=\"links\">\n\t\t\t\t      <a class=\"item\" target=\"_blank\">\n        <i class=\"fab fa-facebook\"><\/i>        <span>facebook<\/span>\n      <\/a>\n          <a class=\"item\" target=\"_blank\">\n        <i class=\"fab fa-twitter\"><\/i>        <span>twitter<\/span>\n      <\/a>\n          <a class=\"item\" target=\"_blank\">\n        <i class=\"fab fa-youtube\"><\/i>        <span>youtube<\/span>\n      <\/a>\n    \t\t\t<\/div>\n\t\t<\/div>\n\t\t\t\t\t\t\t\t\t\t\t\t\t\t\n\t\t\t\t<div class=\"banner banner-items banner-69eb94f8d3bc4 arrows-right-bottom pagination-left\" id=\"banner-69eb94f8d3bc5\">\n          <div class=\"swiper-container\">\n            <div class=\"swiper-wrapper\">\n                    <div class=\"item swiper-slide item-banner banner-item-69eb94f8d3c17 elementor-repeater-item-9799635 tar inherit\">\n        <div class=\"bg-image\" style=\"background-image: url(https:\/\/luxurymag.mx\/luxuryclub\/wp-content\/uploads\/2017\/08\/slide7.jpg)\"><\/div>\n                  \n    <div class=\"bg-overlay\">\n          <\/div>\n\n                            <div class=\"container\">\n          <div class=\"cell middle\">\n\t\t\t\t\t\t\t\t\t\t\t\t\t<div class=\"heading heading-decor\">\n\t\t\t\t\t\t\t\t\t\t\t\t\t\t\t\t<h3 class=\"h\">\n\t\t\t\t\t\t\t\t\tOur Services\t\t\t\t\t\t\t\t<\/h3>\n\t\t\t\t\t\t\t<\/div>\n\t\t\t\t\t\t\t\t\t\t\t\t\t\t\t\t\t\t\t<div class=\"text\">The world without photography will be meaningless to us.<\/div>\n\t\t\t\t\t    \t\t\t\t\t    \t\t\t\t\t\t    <a href=\"#\" class=\"button-style1\">\n\t\t\t\t\t\t    \t\t\t\t\t\t\t\t    <span>See works<\/span>\n\t\t\t\t\t\t\t<\/a>\n\t\t\t\t\t\t\t\t\t\t\t\t\t\t\t\t\t<\/div>\n\t\t\t\t<\/div>\n\t\t\t<\/div>\n\t\t            <\/div>\n          <\/div>\n          \n          <div class=\"owl-nav\"><div class=\"owl-prev basic-ui-icon-left-arrow\"><\/div><div class=\"owl-next basic-ui-icon-right-arrow\"><\/div><\/div>\n          <div class=\"owl-dots\"><\/div>          \n\t\t\t\t<\/div>\n\n\t\t\t<\/div>\n\t\t\t\t<\/div>\n\t\t\t\t<\/div>\n\t\t\t\t\t<\/div>\n\t\t<\/div>\n\t\t\t\t\t<\/div>\n\t\t<\/section>\n\t\t\t\t<section class=\"elementor-section elementor-top-section elementor-element elementor-element-6ced0cbb elementor-section-full_width elementor-section-height-full elementor-hidden-desktop elementor-hidden-tablet elementor-hidden-mobile elementor-section-height-default elementor-section-items-middle\" data-id=\"6ced0cbb\" data-element_type=\"section\" data-settings=\"{&quot;background_background&quot;:&quot;classic&quot;}\">\n\t\t\t\t\t\t<div class=\"elementor-container elementor-column-gap-no\">\n\t\t\t\t\t<div class=\"elementor-column elementor-col-100 elementor-top-column elementor-element elementor-element-28e650f5\" data-id=\"28e650f5\" data-element_type=\"column\">\n\t\t\t<div class=\"elementor-widget-wrap elementor-element-populated\">\n\t\t\t\t\t\t<div class=\"elementor-element elementor-element-5f6ff10d elementor-widget__width-initial elementor-widget elementor-widget-yprm_heading\" data-id=\"5f6ff10d\" data-element_type=\"widget\" data-widget_type=\"yprm_heading.default\">\n\t\t\t\t<div class=\"elementor-widget-container\">\n\t\t\t\t\t\t<div class=\"heading-block with-line tac\">\n\t\t\t\t                  <h3 class=\"h\">Experiencias<\/h3>\n        \t\t\t<\/div>\n              <div class=\"heading-content\">\u00danete a nosotros y s\u00e9 parte de este exclusivo club de experiencias. Con el Club Luxury Xperience, vivir\u00e1s momentos inolvidables y tendr\u00e1s acceso a lo mejor del lujo y la exclusividad.<\/div>\n      \t\t\t\t<\/div>\n\t\t\t\t<\/div>\n\t\t\t\t<div class=\"elementor-element elementor-element-695b02f elementor-widget elementor-widget-yprm_categories\" data-id=\"695b02f\" data-element_type=\"widget\" data-settings=\"{&quot;cols_xs&quot;:1,&quot;cols_sm&quot;:2,&quot;cols_md&quot;:3}\" data-widget_type=\"yprm_categories.default\">\n\t\t\t\t<div class=\"elementor-widget-container\">\n\t\t\t\t\t<div class=\"category row category-block type-normal\" data-portfolio-settings=\"{&quot;loop&quot;:true,&quot;autoplay&quot;:true,&quot;arrows&quot;:true,&quot;mousewheel&quot;:true,&quot;carousel&quot;:true,&quot;autoplay_speed&quot;:5000,&quot;pauseohover&quot;:true,&quot;speed&quot;:300,&quot;type&quot;:&quot;normal&quot;,&quot;cols_xs&quot;:1,&quot;cols_sm&quot;:2,&quot;cols_md&quot;:3}\">\n\t\t\t\t\t\t\t<div class=\"item category-item elementor-repeater-item-d500613 white\" style=\"background-image: url(https:\/\/luxurymag.mx\/luxuryclub\/wp-content\/uploads\/2024\/10\/Ilios_Banner_1000x.webp);\">\n\t\t\t\t\t\t\t<h6 class=\"sub-h\">LUXURY CLUB<\/h6>\n\t\t\t\t\t\t<h3 class=\"h\">RESTAURANTES<\/h3>\n\t\t\t\t\t\t\t<a class=\"button-style1\" target=\"_blank\" rel=\"nofollow\" href=\"#\">M\u00c1S DETALLES<\/a>\n\t\t\t\t\t<\/div>\n\t\t\t\t<div class=\"item category-item elementor-repeater-item-4aaf3ae white\" style=\"background-image: url(https:\/\/luxurymag.mx\/luxuryclub\/wp-content\/uploads\/2024\/10\/Hoteles_Cancun.webp);\">\n\t\t\t\t\t\t\t<h6 class=\"sub-h\">LUXURY CLUB<\/h6>\n\t\t\t\t\t\t<h3 class=\"h\">RESORTS<\/h3>\n\t\t\t\t\t\t\t<a class=\"button-style1\" target=\"_blank\" rel=\"nofollow\" href=\"#\">M\u00e1s detalles<\/a>\n\t\t\t\t\t<\/div>\n\t\t\t\t<div class=\"item category-item elementor-repeater-item-d1fd4b2 white\" style=\"background-image: url(https:\/\/luxurymag.mx\/luxuryclub\/wp-content\/uploads\/2024\/10\/CUNPC-P675-Cenote-Spa-Relaxation.4x3.webp);\">\n\t\t\t\t\t\t\t<h6 class=\"sub-h\">LUXURY CLUB<\/h6>\n\t\t\t\t\t\t<h3 class=\"h\">SPA<\/h3>\n\t\t\t\t\t\t\t<a class=\"button-style1\" target=\"_blank\" rel=\"nofollow\" href=\"#\">M\u00c1S DETALLES<\/a>\n\t\t\t\t\t<\/div>\n\t\t\t\t<div class=\"item category-item elementor-repeater-item-29656c6 white\" style=\"background-image: url(https:\/\/luxurymag.mx\/luxuryclub\/wp-content\/uploads\/2024\/10\/vino.jpg);\">\n\t\t\t\t\t\t\t<h6 class=\"sub-h\">LUXURY CLUB<\/h6>\n\t\t\t\t\t\t<h3 class=\"h\">EXPERIENCIAS<\/h3>\n\t\t\t\t\t\t\t<a class=\"button-style1\" target=\"_blank\" rel=\"nofollow\" href=\"#\">M\u00c1S DETALLES<\/a>\n\t\t\t\t\t<\/div>\n\t\t\t\t\t\t<\/div>\n\n\t\t\t\t<\/div>\n\t\t\t\t<\/div>\n\t\t\t\t\t<\/div>\n\t\t<\/div>\n\t\t\t\t\t<\/div>\n\t\t<\/section>\n\t\t\t\t<section class=\"elementor-section elementor-top-section elementor-element elementor-element-cbc0adf elementor-hidden-desktop elementor-hidden-tablet elementor-hidden-mobile elementor-section-boxed elementor-section-height-default elementor-section-height-default\" data-id=\"cbc0adf\" data-element_type=\"section\">\n\t\t\t\t\t\t<div class=\"elementor-container elementor-column-gap-default\">\n\t\t\t\t\t<div class=\"elementor-column elementor-col-100 elementor-top-column elementor-element elementor-element-b67b2f3\" data-id=\"b67b2f3\" data-element_type=\"column\">\n\t\t\t<div class=\"elementor-widget-wrap elementor-element-populated\">\n\t\t\t\t\t\t<div class=\"elementor-element elementor-element-40c791d elementor-widget elementor-widget-yprm_heading\" data-id=\"40c791d\" data-element_type=\"widget\" data-widget_type=\"yprm_heading.default\">\n\t\t\t\t<div class=\"elementor-widget-container\">\n\t\t\t\t\t\t<div class=\"heading-block with-line tac\">\n\t\t\t\t                  <h3 class=\"h\">Testimonials<\/h3>\n        \t\t\t<\/div>\n      \t\t\t\t<\/div>\n\t\t\t\t<\/div>\n\t\t\t\t<div class=\"elementor-element elementor-element-78d81014 elementor-widget elementor-widget-yprm_testimonials\" data-id=\"78d81014\" data-element_type=\"widget\" data-widget_type=\"yprm_testimonials.default\">\n\t\t\t\t<div class=\"elementor-widget-container\">\n\t\t\t\n\t\t<div class=\"testimonials row owl-carousel owl-loaded\" data-portfolio-settings=\"{&quot;loop&quot;:true,&quot;autoplay&quot;:true,&quot;arrows&quot;:true,&quot;mousewheel&quot;:true,&quot;pauseohover&quot;:true,&quot;autoplay_speed&quot;:5000,&quot;speed&quot;:300}\">\n\t\t\t\t\t<div class=\"item testimonial-item with-avatar\">\n\t\t\t<div class=\"row\">\n\t\t\t\t\t\t\t\t\t<div class=\"col-12 col-sm-6 image\"><div style=\"background-image: url(https:\/\/luxurymag.mx\/luxuryclub\/wp-content\/uploads\/2017\/08\/testimonial1-1006x1024.jpg);\"><\/div><\/div>\n\t\t\t\t\t\t<div class=\"col-12 col-sm-6 offset-sm-6\">\n\t\t\t\t\n\t\t\t\t\t\t\t\t\t\t\t<div class=\"quote\"><div class=\"q\">\u201c<\/div>\n\t\t\t\t\t\t\t\u201cMy style is a combination between photojournalism and fine-art photography with a touch of fashion and creative lighting. My photos are inspired by light, color, techniques from black &amp; white processing, vintage photos, creative perspective, and of course, most importantly, the personalities of the people I photograph!\u201d\t\t\t\t\t\t<\/div>\n\t\t\t\t\t\n\t\t\t\t\t\t\t\t\t\t\t<h4>\n\t\t\t\t\t\t\tMarta Knowly\t\t\t\t\t\t<\/h4>\n\t\t\t\t\t\n\t\t\t\t\t\t\t\t\t\t\t<div class=\"post\">\n\t\t\t\t\t\t\tModel\t\t\t\t\t\t<\/div>\n\t\t\t\t\t\t\t\t\t<\/div>\n\t\t\t<\/div>\n\t\t<\/div>\n\t\t\t\t<div class=\"item testimonial-item with-avatar\">\n\t\t\t<div class=\"row\">\n\t\t\t\t\t\t\t\t\t<div class=\"col-12 col-sm-6 image\"><div style=\"background-image: url(https:\/\/luxurymag.mx\/luxuryclub\/wp-content\/uploads\/2017\/08\/slide2-1024x520.jpg);\"><\/div><\/div>\n\t\t\t\t\t\t<div class=\"col-12 col-sm-6 offset-sm-6\">\n\t\t\t\t\n\t\t\t\t\t\t\t\t\t\t\t<div class=\"quote\"><div class=\"q\">\u201c<\/div>\n\t\t\t\t\t\t\t\u201cMy style is a combination between photojournalism and fine-art photography with a touch of fashion and creative lighting. My photos are inspired by light, color, techniques from black &amp; white processing, vintage photos, creative perspective, and of course, most importantly, the personalities of the people I photograph!\u201d\t\t\t\t\t\t<\/div>\n\t\t\t\t\t\n\t\t\t\t\t\t\t\t\t\t\t<h4>\n\t\t\t\t\t\t\tMarta Knowly\t\t\t\t\t\t<\/h4>\n\t\t\t\t\t\n\t\t\t\t\t\t\t\t\t\t\t<div class=\"post\">\n\t\t\t\t\t\t\tModel\t\t\t\t\t\t<\/div>\n\t\t\t\t\t\t\t\t\t<\/div>\n\t\t\t<\/div>\n\t\t<\/div>\n\t\t\t\t<div class=\"item testimonial-item with-avatar\">\n\t\t\t<div class=\"row\">\n\t\t\t\t\t\t\t\t\t<div class=\"col-12 col-sm-6 image\"><div style=\"background-image: url(https:\/\/luxurymag.mx\/luxuryclub\/wp-content\/uploads\/2017\/08\/project3-684x1024.jpg);\"><\/div><\/div>\n\t\t\t\t\t\t<div class=\"col-12 col-sm-6 offset-sm-6\">\n\t\t\t\t\n\t\t\t\t\t\t\t\t\t\t\t<div class=\"quote\"><div class=\"q\">\u201c<\/div>\n\t\t\t\t\t\t\t\u201cMy style is a combination between photojournalism and fine-art photography with a touch of fashion and creative lighting. My photos are inspired by light, color, techniques from black &amp; white processing, vintage photos, creative perspective, and of course, most importantly, the personalities of the people I photograph!\u201d\t\t\t\t\t\t<\/div>\n\t\t\t\t\t\n\t\t\t\t\t\t\t\t\t\t\t<h4>\n\t\t\t\t\t\t\tMarta Knowly\t\t\t\t\t\t<\/h4>\n\t\t\t\t\t\n\t\t\t\t\t\t\t\t\t\t\t<div class=\"post\">\n\t\t\t\t\t\t\tModel\t\t\t\t\t\t<\/div>\n\t\t\t\t\t\t\t\t\t<\/div>\n\t\t\t<\/div>\n\t\t<\/div>\n\t\t\t\t<\/div>\n\n\t\t\t\t<\/div>\n\t\t\t\t<\/div>\n\t\t\t\t\t<\/div>\n\t\t<\/div>\n\t\t\t\t\t<\/div>\n\t\t<\/section>\n\t\t\t\t<section class=\"elementor-section elementor-top-section elementor-element elementor-element-371f02d1 elementor-section-full_width elementor-section-height-default elementor-section-height-default\" data-id=\"371f02d1\" data-element_type=\"section\" data-settings=\"{&quot;background_background&quot;:&quot;classic&quot;}\">\n\t\t\t\t\t\t<div class=\"elementor-container elementor-column-gap-no\">\n\t\t\t\t\t<div class=\"elementor-column elementor-col-100 elementor-top-column elementor-element elementor-element-7fde10e7\" data-id=\"7fde10e7\" data-element_type=\"column\">\n\t\t\t<div class=\"elementor-widget-wrap elementor-element-populated\">\n\t\t\t\t\t\t<div class=\"elementor-element elementor-element-51da7bbf elementor-widget elementor-widget-pt_price_list_type2\" data-id=\"51da7bbf\" data-element_type=\"widget\" data-settings=\"{&quot;cols_xs&quot;:1,&quot;cols_sm&quot;:2,&quot;cols_md&quot;:3}\" data-widget_type=\"pt_price_list_type2.default\">\n\t\t\t\t<div class=\"elementor-widget-container\">\n\t\t\t\t    \t<div class=\"price-list-type2 row price-list-type2-69eb94f8d60d7\" data-banner-settings=\"{&quot;loop&quot;:true,&quot;autoplay&quot;:true,&quot;arrows&quot;:true,&quot;autoplay_speed&quot;:5000,&quot;pauseohover&quot;:true,&quot;speed&quot;:300,&quot;carousel&quot;:true,&quot;cols_xs&quot;:1,&quot;cols_sm&quot;:2,&quot;cols_md&quot;:3}\">\n\t    \t\t\t\t\t\t\t\t<div class=\"item price-list-type2-item\">\n\t\t\t\t\t\t\t\t\t\t\t\t\t\t\t<h6 class=\"h\">\n\t\t\t\t\t\t\t\t\tplatinum\t\t\t\t\t\t\t\t<\/h6>\n\t\t\t\t\t\t\t\t\t\t\t\t\t\t\t\t\t\t\t<div class=\"img\" style=\"background-image: url(https:\/\/elotitlan.com\/luxuryclub\/wp-content\/uploads\/2024\/10\/Memb_Mesa-de-trabajo-1-copia-2.webp)\"><\/div>\n\t\t\t\t\t\t<div class=\"options\">\n\t\t\t\t\t\t\t\t\t\t\t\t\t\t\t\t\t\t\t\t\t\t\t\t<div class=\"o-row\">M\u00e1ximo nivel de descuento en todos los restaurantes y hoteles del club.<\/div>\n\t\t\t\t\t\t\t\t\t\t\t\t\t\t\t\t\t\t\t<div class=\"o-row\">Acceso prioritario a eventos exclusivos y lanzamientos.<\/div>\n\t\t\t\t\t\t\t\t\t\t\t\t\t\t\t\t\t\t\t<div class=\"o-row\">Servicio de conserjer\u00eda personal para reservas y recomendaciones.<\/div>\n\t\t\t\t\t\t\t\t\t\t\t\t\t\t\t\t\t\t\t<div class=\"o-row\">Capacidad para referir hasta 6 amigos.<\/div>\n\t\t\t\t\t\t\t\t\t\t\t\t\t\t\t<\/div>\n\t\t\t\t\t\t\t\t\t\t\t\t\t\t\t<a class=\"button-style1\" href=\"https:\/\/api.whatsapp.com\/send?phone=5219848018477&#038;text=Me%20gustar%C3%ADa%20solicitar%20una%20membres%C3%ADa%20%F0%9F%A5%82\" target=\"_blank\"  rel=\"nofollow\">\n\t\t\t\t\t\t\t\t\t\tSolicitar\t\t\t\t\t\t\t\t\t<\/a>\n\t\t\t\t\t\t\t\t\t\t\t\t\t<\/div>\n\t    \t\t\t\t\t\t\t\t<div class=\"item price-list-type2-item\">\n\t\t\t\t\t\t\t\t\t\t\t\t\t\t\t<h6 class=\"h\">\n\t\t\t\t\t\t\t\t\tgold\t\t\t\t\t\t\t\t<\/h6>\n\t\t\t\t\t\t\t\t\t\t\t\t\t\t\t\t\t\t\t<div class=\"img\" style=\"background-image: url(https:\/\/elotitlan.com\/luxuryclub\/wp-content\/uploads\/2024\/10\/Memb_Mesa-de-trabajo-1.webp)\"><\/div>\n\t\t\t\t\t\t<div class=\"options\">\n\t\t\t\t\t\t\t\t\t\t\t\t\t\t\t\t\t\t\t\t\t\t\t\t<div class=\"o-row\">Descuentos significativos en restaurantes y hoteles seleccionados.<\/div>\n\t\t\t\t\t\t\t\t\t\t\t\t\t\t\t\t\t\t\t<div class=\"o-row\">Acceso a eventos exclusivos y lanzamientos.<\/div>\n\t\t\t\t\t\t\t\t\t\t\t\t\t\t\t\t\t\t\t<div class=\"o-row\">Ediciones especiales de nuestras revistas entregadas a domicilio.<\/div>\n\t\t\t\t\t\t\t\t\t\t\t\t\t\t\t\t\t\t\t<div class=\"o-row\">Asistencia personalizada para reservas en lugares de preferencia.<\/div>\n\t\t\t\t\t\t\t\t\t\t\t\t\t\t\t\t\t\t\t<div class=\"o-row\">Nuestro vino especial entregado en cada edici\u00f3n, seleccionado por nuestros expertos.<\/div>\n\t\t\t\t\t\t\t\t\t\t\t\t\t\t\t\t\t\t\t<div class=\"o-row\">Capacidad para referir hasta 3 amigos.<\/div>\n\t\t\t\t\t\t\t\t\t\t\t\t\t\t\t<\/div>\n\t\t\t\t\t\t\t\t\t\t\t\t\t\t\t<a class=\"button-style1\" href=\"https:\/\/api.whatsapp.com\/send?phone=5219848018477&#038;text=Me%20gustar%C3%ADa%20solicitar%20una%20membres%C3%ADa%20%F0%9F%A5%82\" target=\"_blank\"  rel=\"nofollow\">\n\t\t\t\t\t\t\t\t\t\tSolicitar\t\t\t\t\t\t\t\t\t<\/a>\n\t\t\t\t\t\t\t\t\t\t\t\t\t<\/div>\n\t    \t\t\t\t\t\t\t\t<div class=\"item price-list-type2-item\">\n\t\t\t\t\t\t\t\t\t\t\t\t\t\t\t<h6 class=\"h\">\n\t\t\t\t\t\t\t\t\tsilver\t\t\t\t\t\t\t\t<\/h6>\n\t\t\t\t\t\t\t\t\t\t\t\t\t\t\t\t\t\t\t<div class=\"img\" style=\"background-image: url(https:\/\/elotitlan.com\/luxuryclub\/wp-content\/uploads\/2024\/10\/Memb_Mesa-de-trabajo-1-copia.webp)\"><\/div>\n\t\t\t\t\t\t<div class=\"options\">\n\t\t\t\t\t\t\t\t\t\t\t\t\t\t\t\t\t\t\t\t\t\t\t\t<div class=\"o-row\">Descuentos m\u00e1ximos en todos los restaurantes y hoteles del club.<\/div>\n\t\t\t\t\t\t\t\t\t\t\t\t\t\t\t\t\t\t\t<div class=\"o-row\">Acceso prioritario a eventos selectos.<\/div>\n\t\t\t\t\t\t\t\t\t\t\t\t\t\t\t\t\t\t\t<div class=\"o-row\">Entrega regular de nuestras revistas a su domicilio.<\/div>\n\t\t\t\t\t\t\t\t\t\t\t\t\t\t\t\t\t\t\t<div class=\"o-row\">Asistencia para reservas en lugares de preferencia.<\/div>\n\t\t\t\t\t\t\t\t\t\t\t\t\t\t\t\t\t\t\t<div class=\"o-row\">Nuestro vino especial entregado en cada edici\u00f3n, seleccionado por nuestros expertos.<\/div>\n\t\t\t\t\t\t\t\t\t\t\t\t\t\t\t\t\t\t\t<div class=\"o-row\">Recibe el beneficio de un fin de semana en un hotel de gran nivel.<\/div>\n\t\t\t\t\t\t\t\t\t\t\t\t\t\t\t\t\t\t\t<div class=\"o-row\">Capacidad para referir hasta 3 amigos.<\/div>\n\t\t\t\t\t\t\t\t\t\t\t\t\t\t\t<\/div>\n\t\t\t\t\t\t\t\t\t\t\t\t\t\t\t<a class=\"button-style1\" href=\"https:\/\/api.whatsapp.com\/send?phone=5219848018477&#038;text=Me%20gustar%C3%ADa%20solicitar%20una%20membres%C3%ADa%20%F0%9F%A5%82\" target=\"_blank\"  rel=\"nofollow\">\n\t\t\t\t\t\t\t\t\t\tSolicitar\t\t\t\t\t\t\t\t\t<\/a>\n\t\t\t\t\t\t\t\t\t\t\t\t\t<\/div>\n\t    \t\t\t    \t<\/div>\n\t    \t\t<\/div>\n\t\t\t\t<\/div>\n\t\t\t\t\t<\/div>\n\t\t<\/div>\n\t\t\t\t\t<\/div>\n\t\t<\/section>\n\t\t<div class=\"elementor-element elementor-element-3851aa9 e-grid e-con-boxed e-con e-parent\" data-id=\"3851aa9\" data-element_type=\"container\">\n\t\t\t\t\t<div class=\"e-con-inner\">\n\t\t\t\t\t<\/div>\n\t\t\t\t<\/div>\n\t\t\t\t<\/div>\n\t\t","protected":false},"excerpt":{"rendered":"<p>facebook twitter youtube Our Services The world without photography will be meaningless to us. See works Experiencias \u00danete a nosotros y s\u00e9 parte de este exclusivo club de experiencias. Con el Club Luxury Xperience, vivir\u00e1s momentos inolvidables y tendr\u00e1s acceso a lo mejor del lujo y la exclusividad. LUXURY CLUB RESTAURANTES M\u00c1S DETALLES LUXURY CLUB [&hellip;]<\/p>\n","protected":false},"author":1,"featured_media":0,"parent":0,"menu_order":0,"comment_status":"closed","ping_status":"closed","template":"template-landing.php","meta":{"_acf_changed":false,"footnotes":""},"class_list":["post-3623","page","type-page","status-publish","hentry"],"acf":[],"_links":{"self":[{"href":"https:\/\/luxurymag.mx\/luxuryclub\/wp-json\/wp\/v2\/pages\/3623","targetHints":{"allow":["GET"]}}],"collection":[{"href":"https:\/\/luxurymag.mx\/luxuryclub\/wp-json\/wp\/v2\/pages"}],"about":[{"href":"https:\/\/luxurymag.mx\/luxuryclub\/wp-json\/wp\/v2\/types\/page"}],"author":[{"embeddable":true,"href":"https:\/\/luxurymag.mx\/luxuryclub\/wp-json\/wp\/v2\/users\/1"}],"replies":[{"embeddable":true,"href":"https:\/\/luxurymag.mx\/luxuryclub\/wp-json\/wp\/v2\/comments?post=3623"}],"version-history":[{"count":121,"href":"https:\/\/luxurymag.mx\/luxuryclub\/wp-json\/wp\/v2\/pages\/3623\/revisions"}],"predecessor-version":[{"id":4335,"href":"https:\/\/luxurymag.mx\/luxuryclub\/wp-json\/wp\/v2\/pages\/3623\/revisions\/4335"}],"wp:attachment":[{"href":"https:\/\/luxurymag.mx\/luxuryclub\/wp-json\/wp\/v2\/media?parent=3623"}],"curies":[{"name":"wp","href":"https:\/\/api.w.org\/{rel}","templated":true}]}}