{"id":1909,"date":"2021-06-07T11:39:27","date_gmt":"2021-06-07T11:39:27","guid":{"rendered":"https:\/\/elotitlan.com\/luxuryclub\/index.php\/business-2\/"},"modified":"2024-10-31T04:30:41","modified_gmt":"2024-10-31T04:30:41","slug":"restaurantes","status":"publish","type":"page","link":"https:\/\/luxurymag.mx\/luxuryclub\/restaurantes\/","title":{"rendered":"Restaurantes"},"content":{"rendered":"\t\t<div data-elementor-type=\"wp-page\" data-elementor-id=\"1909\" class=\"elementor elementor-1909\">\n\t\t\t\t\t\t<section class=\"elementor-section elementor-top-section elementor-element elementor-element-087898d elementor-section-full_width elementor-section-height-default elementor-section-height-default\" data-id=\"087898d\" data-element_type=\"section\">\n\t\t\t\t\t\t<div class=\"elementor-container elementor-column-gap-no\">\n\t\t\t\t\t<div class=\"elementor-column elementor-col-100 elementor-top-column elementor-element elementor-element-ed11bf8\" data-id=\"ed11bf8\" data-element_type=\"column\">\n\t\t\t<div class=\"elementor-widget-wrap elementor-element-populated\">\n\t\t\t\t\t\t<div class=\"elementor-element elementor-element-cbae585 elementor-widget elementor-widget-yprm_banner\" data-id=\"cbae585\" data-element_type=\"widget\" data-widget_type=\"yprm_banner.default\">\n\t\t\t\t<div class=\"elementor-widget-container\">\n\t\t\t\t\t\t<div class=\"banner-wrapper banner-area banner-69ebac99bd175\" style=\"--transition-speed: 2300ms;\" data-settings=\"{&quot;loop&quot;:true,&quot;speed&quot;:300,&quot;autoplay&quot;:{&quot;delay&quot;:5000,&quot;disableOnInteraction&quot;:false,&quot;pauseOnMouseEnter&quot;:true},&quot;arrows&quot;:false,&quot;dots&quot;:true,&quot;dots_position&quot;:&quot;right&quot;,&quot;animation&quot;:&quot;&quot;}\">\n\t\t\t\t\t\t\t\t\t\t\t\t\t\t\t\t\n\t\t\t\t<div class=\"banner banner-items banner-69ebac99bd17b pagination-right\" id=\"banner-69ebac99bd17c\">\n          <div class=\"swiper-container\">\n            <div class=\"swiper-wrapper\">\n                    <div class=\"item swiper-slide item-banner banner-item-69ebac99bd1ad elementor-repeater-item-52097ec tac inherit\">\n        <div class=\"bg-image\" style=\"background-image: url(https:\/\/luxurymag.mx\/luxuryclub\/wp-content\/uploads\/2024\/10\/Rosa_Luxury_Club.webp)\"><\/div>\n                  \n    <div class=\"bg-overlay\">\n          <\/div>\n\n                            <div class=\"container\">\n          <div class=\"cell middle\">\n\t\t\t\t\t\t\t\t\t\t\t\t\t<div class=\"heading\">\n\t\t\t\t\t\t\t\t\t\t\t\t\t\t\t\t\t<div class=\"sub-heading\">CLUB LUXURY EXPERIENCE<\/div>\n\t\t\t\t\t\t\t\t\t\t\t\t\t\t\t\t<h1 class=\"h\">\n\t\t\t\t\t\t\t\t\tRestaurante\t\t\t\t\t\t\t\t<\/h1>\n\t\t\t\t\t\t\t<\/div>\n\t\t\t\t\t\t\t\t\t\t\t\t\t\t\t\t\t    \t\t\t\t\t\t\t\t\t\t\t<\/div>\n\t\t\t\t<\/div>\n\t\t\t<\/div>\n\t\t            <\/div>\n          <\/div>\n          \n          \n          <div class=\"owl-dots\"><\/div>          \n\t\t\t\t<\/div>\n\n\t\t\t<\/div>\n\t\t\t\t<\/div>\n\t\t\t\t<\/div>\n\t\t\t\t\t<\/div>\n\t\t<\/div>\n\t\t\t\t\t<\/div>\n\t\t<\/section>\n\t\t\t\t<section class=\"elementor-section elementor-top-section elementor-element elementor-element-c76547b elementor-section-boxed elementor-section-height-default elementor-section-height-default\" data-id=\"c76547b\" data-element_type=\"section\">\n\t\t\t\t\t\t<div class=\"elementor-container elementor-column-gap-default\">\n\t\t\t\t\t<div class=\"elementor-column elementor-col-50 elementor-top-column elementor-element elementor-element-895812b\" data-id=\"895812b\" data-element_type=\"column\">\n\t\t\t<div class=\"elementor-widget-wrap elementor-element-populated\">\n\t\t\t\t\t\t<div class=\"elementor-element elementor-element-ecde8f4 elementor-widget elementor-widget-yprm_heading\" data-id=\"ecde8f4\" data-element_type=\"widget\" data-widget_type=\"yprm_heading.default\">\n\t\t\t\t<div class=\"elementor-widget-container\">\n\t\t\t\t\t\t<div class=\"heading-block with-line tal\">\n\t\t\t\t                  <h2 class=\"h\">ROSA NEGRA<\/h2>\n        \t\t\t<\/div>\n              <div class=\"heading-content\">COCINA LATINOAMERICANA &amp; STEAKHOUSE EN MEXICO<\/div>\n      \t\t\t\t<\/div>\n\t\t\t\t<\/div>\n\t\t\t\t<div class=\"elementor-element elementor-element-7b82410 elementor-widget elementor-widget-yprm_tabs\" data-id=\"7b82410\" data-element_type=\"widget\" data-widget_type=\"yprm_tabs.default\">\n\t\t\t\t<div class=\"elementor-widget-container\">\n\t\t\t\t\t<div class=\"pt-tabs tabs elementor-block tabs-69ebac99bde59\">\n\t\t\t<div class=\"tabs-head\" role=\"tablist\"><\/div>\n\t\t\t<div class=\"tabs-body\" role=\"tablist\" aria-orientation=\"vertical\">\n\t\t\t\t          <div id=\"pt-tab-content-1291\" class=\"pt-tab-content elementor-clearfix item\" data-tab=\"1\" data-name=\"Descripci\u00f3n\" role=\"tabpanel\" aria-labelledby=\"pt-tab-title-1291\" tabindex=\"0\">\n            <p><img decoding=\"async\" class=\"alignnone wp-image-3708 size-full\" src=\"https:\/\/elotitlan.com\/luxuryclub\/wp-content\/uploads\/2024\/10\/Boton_logo-rosanegra_home.webp\" alt=\"\" width=\"414\" height=\"68\" srcset=\"https:\/\/luxurymag.mx\/luxuryclub\/wp-content\/uploads\/2024\/10\/Boton_logo-rosanegra_home.webp 414w, https:\/\/luxurymag.mx\/luxuryclub\/wp-content\/uploads\/2024\/10\/Boton_logo-rosanegra_home-300x49.webp 300w, https:\/\/luxurymag.mx\/luxuryclub\/wp-content\/uploads\/2024\/10\/Boton_logo-rosanegra_home-70x11.webp 70w\" sizes=\"(max-width: 414px) 100vw, 414px\" \/><\/p><p>Ya sea en el coraz\u00f3n de Polanco, en las playas de Los Cabos o en las bulliciosas calles de Miami, cada sucursal de RosaNegra es un templo dedicado a la vida y la gastronom\u00eda latinoamericanas.<\/p>\t\t\t\t\t<\/div>\n\t\t\t\t          <div id=\"pt-tab-content-1292\" class=\"pt-tab-content elementor-clearfix item\" data-tab=\"2\" data-name=\"Ubicaciones\" role=\"tabpanel\" aria-labelledby=\"pt-tab-title-1292\" tabindex=\"0\">\n            <p><iframe style=\"border: 0;\" src=\"https:\/\/www.google.com\/maps\/embed?pb=!1m14!1m8!1m3!1d14890.753131138432!2d-86.7745277!3d21.0851087!3m2!1i1024!2i768!4f13.1!3m3!1m2!1s0x8f4c28364cf095d9%3A0x4cd06a9ad629d829!2sRosaNegra%20%7C%20Latin%20American%20Restaurant%20in%20Cancun!5e0!3m2!1ses-419!2smx!4v1729808970646!5m2!1ses-419!2smx\" width=\"100%\" height=\"250\" allowfullscreen=\"allowfullscreen\"><\/iframe><\/p>\t\t\t\t\t<\/div>\n\t\t\t\t\t\t\t<\/div>\n\t\t<\/div>\n\t\t\t\t<\/div>\n\t\t\t\t<\/div>\n\t\t\t\t<div class=\"elementor-element elementor-element-b958df4 elementor-widget elementor-widget-yprm_button\" data-id=\"b958df4\" data-element_type=\"widget\" data-widget_type=\"yprm_button.default\">\n\t\t\t\t<div class=\"elementor-widget-container\">\n\t\t\t\n\t\t<div class=\"button-container\">\n\t\t\t<a class=\"button-elementor button-style1\" href=\"#\" target=\"_self\">\n\t\t\t\t\t\t\t\t<span>Saber m\u00e1s<\/span>\n\t\t\t\t<i class=\"basic-ui basic-ui-icon-right-arrow\"><\/i>\t\t\t<\/a>\n\t\t<\/div>\n\n\t\t\t\t<\/div>\n\t\t\t\t<\/div>\n\t\t\t\t\t<\/div>\n\t\t<\/div>\n\t\t\t\t<div class=\"elementor-column elementor-col-50 elementor-top-column elementor-element elementor-element-cc8e505\" data-id=\"cc8e505\" data-element_type=\"column\">\n\t\t\t<div class=\"elementor-widget-wrap elementor-element-populated\">\n\t\t\t\t\t\t<div class=\"elementor-element elementor-element-2bee348 elementor-widget elementor-widget-yprm_side_image\" data-id=\"2bee348\" data-element_type=\"widget\" data-widget_type=\"yprm_side_image.default\">\n\t\t\t\t<div class=\"elementor-widget-container\">\n\t\t\t\t\t\t<div class=\"side-img style-square align-right\">\n\t\t\t\t<div style=\"background-image: url(https:\/\/luxurymag.mx\/luxuryclub\/wp-content\/uploads\/2024\/10\/348585684_561852766151865_2994527045532637385_n.jpg);\"><\/div>\n\t\t\t<\/div>\n\t\t\t\t<\/div>\n\t\t\t\t<\/div>\n\t\t\t\t\t<\/div>\n\t\t<\/div>\n\t\t\t\t\t<\/div>\n\t\t<\/section>\n\t\t\t\t<section class=\"elementor-section elementor-top-section elementor-element elementor-element-b791ede elementor-section-boxed elementor-section-height-default elementor-section-height-default\" data-id=\"b791ede\" data-element_type=\"section\">\n\t\t\t\t\t\t<div class=\"elementor-container elementor-column-gap-default\">\n\t\t\t\t\t<div class=\"elementor-column elementor-col-50 elementor-top-column elementor-element elementor-element-3a23d65\" data-id=\"3a23d65\" data-element_type=\"column\">\n\t\t\t<div class=\"elementor-widget-wrap elementor-element-populated\">\n\t\t\t\t\t\t<div class=\"elementor-element elementor-element-7e30fde elementor-widget elementor-widget-yprm_heading\" data-id=\"7e30fde\" data-element_type=\"widget\" data-widget_type=\"yprm_heading.default\">\n\t\t\t\t<div class=\"elementor-widget-container\">\n\t\t\t\t\t\t<div class=\"heading-block with-line tal\">\n\t\t\t\t                  <h2 class=\"h\">CAMBALACHE<\/h2>\n        \t\t\t<\/div>\n              <div class=\"heading-content\">CORTE DE CARNES<\/div>\n      \t\t\t\t<\/div>\n\t\t\t\t<\/div>\n\t\t\t\t<div class=\"elementor-element elementor-element-90aeb3a elementor-widget elementor-widget-yprm_tabs\" data-id=\"90aeb3a\" data-element_type=\"widget\" data-widget_type=\"yprm_tabs.default\">\n\t\t\t\t<div class=\"elementor-widget-container\">\n\t\t\t\t\t<div class=\"pt-tabs tabs elementor-block tabs-69ebac99bebcf\">\n\t\t\t<div class=\"tabs-head\" role=\"tablist\"><\/div>\n\t\t\t<div class=\"tabs-body\" role=\"tablist\" aria-orientation=\"vertical\">\n\t\t\t\t          <div id=\"pt-tab-content-1511\" class=\"pt-tab-content elementor-clearfix item\" data-tab=\"1\" data-name=\"Descripci\u00f3n\" role=\"tabpanel\" aria-labelledby=\"pt-tab-title-1511\" tabindex=\"0\">\n            <p><img decoding=\"async\" class=\"alignleft wp-image-3744 size-thumbnail\" src=\"https:\/\/elotitlan.com\/luxuryclub\/wp-content\/uploads\/2024\/10\/cambalache-150x150.webp\" alt=\"\" width=\"150\" height=\"150\" srcset=\"https:\/\/luxurymag.mx\/luxuryclub\/wp-content\/uploads\/2024\/10\/cambalache-150x150.webp 150w, https:\/\/luxurymag.mx\/luxuryclub\/wp-content\/uploads\/2024\/10\/cambalache-300x300.webp 300w, https:\/\/luxurymag.mx\/luxuryclub\/wp-content\/uploads\/2024\/10\/cambalache-70x70.webp 70w, https:\/\/luxurymag.mx\/luxuryclub\/wp-content\/uploads\/2024\/10\/cambalache.webp 500w\" sizes=\"(max-width: 150px) 100vw, 150px\" \/><\/p><p>En Cambalache ofrecen la mejor carne de Canc\u00fan. Cortes de carne cuidadosamente seleccionados y preparados por expertos chefs para ofrecerte una experiencia gastron\u00f3mica inolvidable.<\/p>\t\t\t\t\t<\/div>\n\t\t\t\t          <div id=\"pt-tab-content-1512\" class=\"pt-tab-content elementor-clearfix item\" data-tab=\"2\" data-name=\"Ubicaciones\" role=\"tabpanel\" aria-labelledby=\"pt-tab-title-1512\" tabindex=\"0\">\n            <iframe src=\"https:\/\/www.google.com\/maps\/embed?pb=!1m18!1m12!1m3!1d3722.065770483305!2d-86.76607412417285!3d21.109943884984162!2m3!1f0!2f0!3f0!3m2!1i1024!2i768!4f13.1!3m3!1m2!1s0x8f4c2898c7825f11%3A0x3ba58f699ed47ad6!2sCambalache%20Canc%C3%BAn!5e0!3m2!1ses-419!2smx!4v1729809410661!5m2!1ses-419!2smx\" width=\"100%\" height=\"250\" style=\"border:0;\" allowfullscreen=\"\" loading=\"lazy\" referrerpolicy=\"no-referrer-when-downgrade\"><\/iframe>\t\t\t\t\t<\/div>\n\t\t\t\t\t\t\t<\/div>\n\t\t<\/div>\n\t\t\t\t<\/div>\n\t\t\t\t<\/div>\n\t\t\t\t<div class=\"elementor-element elementor-element-ab98dc8 elementor-widget elementor-widget-yprm_button\" data-id=\"ab98dc8\" data-element_type=\"widget\" data-widget_type=\"yprm_button.default\">\n\t\t\t\t<div class=\"elementor-widget-container\">\n\t\t\t\n\t\t<div class=\"button-container\">\n\t\t\t<a class=\"button-elementor button-style1\" href=\"#\" target=\"_self\">\n\t\t\t\t\t\t\t\t<span>Saber m\u00e1s<\/span>\n\t\t\t\t<i class=\"basic-ui basic-ui-icon-right-arrow\"><\/i>\t\t\t<\/a>\n\t\t<\/div>\n\n\t\t\t\t<\/div>\n\t\t\t\t<\/div>\n\t\t\t\t\t<\/div>\n\t\t<\/div>\n\t\t\t\t<div class=\"elementor-column elementor-col-50 elementor-top-column elementor-element elementor-element-383b920\" data-id=\"383b920\" data-element_type=\"column\">\n\t\t\t<div class=\"elementor-widget-wrap elementor-element-populated\">\n\t\t\t\t\t\t<div class=\"elementor-element elementor-element-f49ca4c elementor-widget elementor-widget-yprm_side_image\" data-id=\"f49ca4c\" data-element_type=\"widget\" data-widget_type=\"yprm_side_image.default\">\n\t\t\t\t<div class=\"elementor-widget-container\">\n\t\t\t\t\t\t<div class=\"side-img style-square align-right\">\n\t\t\t\t<div style=\"background-image: url(https:\/\/luxurymag.mx\/luxuryclub\/wp-content\/uploads\/2024\/10\/cambalache-1.webp);\"><\/div>\n\t\t\t<\/div>\n\t\t\t\t<\/div>\n\t\t\t\t<\/div>\n\t\t\t\t\t<\/div>\n\t\t<\/div>\n\t\t\t\t\t<\/div>\n\t\t<\/section>\n\t\t\t\t<section class=\"elementor-section elementor-top-section elementor-element elementor-element-b2047e8 elementor-section-boxed elementor-section-height-default elementor-section-height-default\" data-id=\"b2047e8\" data-element_type=\"section\">\n\t\t\t\t\t\t<div class=\"elementor-container elementor-column-gap-default\">\n\t\t\t\t\t<div class=\"elementor-column elementor-col-50 elementor-top-column elementor-element elementor-element-1b3e2b8\" data-id=\"1b3e2b8\" data-element_type=\"column\">\n\t\t\t<div class=\"elementor-widget-wrap elementor-element-populated\">\n\t\t\t\t\t\t<div class=\"elementor-element elementor-element-680c1d8 elementor-widget elementor-widget-yprm_heading\" data-id=\"680c1d8\" data-element_type=\"widget\" data-widget_type=\"yprm_heading.default\">\n\t\t\t\t<div class=\"elementor-widget-container\">\n\t\t\t\t\t\t<div class=\"heading-block with-line tal\">\n\t\t\t\t                  <h2 class=\"h\">PTO MADERO<\/h2>\n        \t\t\t<\/div>\n              <div class=\"heading-content\">COCINA ARGENTINA Y MEXICANA<\/div>\n      \t\t\t\t<\/div>\n\t\t\t\t<\/div>\n\t\t\t\t<div class=\"elementor-element elementor-element-a33741a elementor-widget elementor-widget-yprm_tabs\" data-id=\"a33741a\" data-element_type=\"widget\" data-widget_type=\"yprm_tabs.default\">\n\t\t\t\t<div class=\"elementor-widget-container\">\n\t\t\t\t\t<div class=\"pt-tabs tabs elementor-block tabs-69ebac99bf662\">\n\t\t\t<div class=\"tabs-head\" role=\"tablist\"><\/div>\n\t\t\t<div class=\"tabs-body\" role=\"tablist\" aria-orientation=\"vertical\">\n\t\t\t\t          <div id=\"pt-tab-content-1711\" class=\"pt-tab-content elementor-clearfix item\" data-tab=\"1\" data-name=\"Descripci\u00f3n\" role=\"tabpanel\" aria-labelledby=\"pt-tab-title-1711\" tabindex=\"0\">\n            <p>\u00a0<\/p><p><img decoding=\"async\" class=\"alignleft wp-image-3753\" src=\"https:\/\/elotitlan.com\/luxuryclub\/wp-content\/uploads\/2024\/10\/cropped-logo-puerto-madero-150x150.png\" alt=\"\" width=\"163\" height=\"111\" srcset=\"https:\/\/luxurymag.mx\/luxuryclub\/wp-content\/uploads\/2024\/10\/cropped-logo-puerto-madero-300x204.png 300w, https:\/\/luxurymag.mx\/luxuryclub\/wp-content\/uploads\/2024\/10\/cropped-logo-puerto-madero-70x48.png 70w, https:\/\/luxurymag.mx\/luxuryclub\/wp-content\/uploads\/2024\/10\/cropped-logo-puerto-madero.png 512w\" sizes=\"(max-width: 163px) 100vw, 163px\" \/>En Puerto Madero podr\u00e1s disfrutar de cortes de carne excepcionales, pescados y mariscos frescos y una extensa carta de vinos que te har\u00e1n sentir en el para\u00edso.<\/p>\t\t\t\t\t<\/div>\n\t\t\t\t          <div id=\"pt-tab-content-1712\" class=\"pt-tab-content elementor-clearfix item\" data-tab=\"2\" data-name=\"Ubicaciones\" role=\"tabpanel\" aria-labelledby=\"pt-tab-title-1712\" tabindex=\"0\">\n            <iframe src=\"https:\/\/www.google.com\/maps\/embed?pb=!1m18!1m12!1m3!1d3722.484187232808!2d-86.77325762417318!3d21.09325418555924!2m3!1f0!2f0!3f0!3m2!1i1024!2i768!4f13.1!3m3!1m2!1s0x8f4c2a406af99859%3A0x6cea543af3a46cb8!2sPuerto%20Madero%20Canc%C3%BAn!5e0!3m2!1ses-419!2smx!4v1729809998482!5m2!1ses-419!2smx\" width=\"100%\" height=\"250\" style=\"border:0;\" allowfullscreen=\"\" loading=\"lazy\" referrerpolicy=\"no-referrer-when-downgrade\"><\/iframe>\t\t\t\t\t<\/div>\n\t\t\t\t\t\t\t<\/div>\n\t\t<\/div>\n\t\t\t\t<\/div>\n\t\t\t\t<\/div>\n\t\t\t\t<div class=\"elementor-element elementor-element-e574a65 elementor-widget elementor-widget-yprm_button\" data-id=\"e574a65\" data-element_type=\"widget\" data-widget_type=\"yprm_button.default\">\n\t\t\t\t<div class=\"elementor-widget-container\">\n\t\t\t\n\t\t<div class=\"button-container\">\n\t\t\t<a class=\"button-elementor button-style1\" href=\"#\" target=\"_self\">\n\t\t\t\t\t\t\t\t<span>Saber m\u00e1s<\/span>\n\t\t\t\t<i class=\"basic-ui basic-ui-icon-right-arrow\"><\/i>\t\t\t<\/a>\n\t\t<\/div>\n\n\t\t\t\t<\/div>\n\t\t\t\t<\/div>\n\t\t\t\t\t<\/div>\n\t\t<\/div>\n\t\t\t\t<div class=\"elementor-column elementor-col-50 elementor-top-column elementor-element elementor-element-212df8c\" data-id=\"212df8c\" data-element_type=\"column\">\n\t\t\t<div class=\"elementor-widget-wrap elementor-element-populated\">\n\t\t\t\t\t\t<div class=\"elementor-element elementor-element-319c8de elementor-widget elementor-widget-yprm_side_image\" data-id=\"319c8de\" data-element_type=\"widget\" data-widget_type=\"yprm_side_image.default\">\n\t\t\t\t<div class=\"elementor-widget-container\">\n\t\t\t\t\t\t<div class=\"side-img style-square align-right\">\n\t\t\t\t<div style=\"background-image: url(https:\/\/luxurymag.mx\/luxuryclub\/wp-content\/uploads\/2024\/10\/Pto-Cun.jpg);\"><\/div>\n\t\t\t<\/div>\n\t\t\t\t<\/div>\n\t\t\t\t<\/div>\n\t\t\t\t\t<\/div>\n\t\t<\/div>\n\t\t\t\t\t<\/div>\n\t\t<\/section>\n\t\t\t\t<section class=\"elementor-section elementor-top-section elementor-element elementor-element-74e48ca elementor-section-boxed elementor-section-height-default elementor-section-height-default\" data-id=\"74e48ca\" data-element_type=\"section\">\n\t\t\t\t\t\t<div class=\"elementor-container elementor-column-gap-default\">\n\t\t\t\t\t<div class=\"elementor-column elementor-col-50 elementor-top-column elementor-element elementor-element-18c628b\" data-id=\"18c628b\" data-element_type=\"column\">\n\t\t\t<div class=\"elementor-widget-wrap elementor-element-populated\">\n\t\t\t\t\t\t<div class=\"elementor-element elementor-element-2cfa268 elementor-widget elementor-widget-yprm_heading\" data-id=\"2cfa268\" data-element_type=\"widget\" data-widget_type=\"yprm_heading.default\">\n\t\t\t\t<div class=\"elementor-widget-container\">\n\t\t\t\t\t\t<div class=\"heading-block with-line tal\">\n\t\t\t\t                  <h2 class=\"h\">BANDONEON<\/h2>\n        \t\t\t<\/div>\n              <div class=\"heading-content\">MAR Y TIERRA<\/div>\n      \t\t\t\t<\/div>\n\t\t\t\t<\/div>\n\t\t\t\t<div class=\"elementor-element elementor-element-756a4a8 elementor-widget elementor-widget-yprm_tabs\" data-id=\"756a4a8\" data-element_type=\"widget\" data-widget_type=\"yprm_tabs.default\">\n\t\t\t\t<div class=\"elementor-widget-container\">\n\t\t\t\t\t<div class=\"pt-tabs tabs elementor-block tabs-69ebac99c00bb\">\n\t\t\t<div class=\"tabs-head\" role=\"tablist\"><\/div>\n\t\t\t<div class=\"tabs-body\" role=\"tablist\" aria-orientation=\"vertical\">\n\t\t\t\t          <div id=\"pt-tab-content-1231\" class=\"pt-tab-content elementor-clearfix item\" data-tab=\"1\" data-name=\"Descripci\u00f3n\" role=\"tabpanel\" aria-labelledby=\"pt-tab-title-1231\" tabindex=\"0\">\n            <p><img loading=\"lazy\" decoding=\"async\" class=\"alignleft wp-image-3761\" src=\"https:\/\/elotitlan.com\/luxuryclub\/wp-content\/uploads\/2024\/10\/cropped-Bandoneon-logo-512-512-300x175.png\" alt=\"\" width=\"200\" height=\"116\" srcset=\"https:\/\/luxurymag.mx\/luxuryclub\/wp-content\/uploads\/2024\/10\/cropped-Bandoneon-logo-512-512-300x175.png 300w, https:\/\/luxurymag.mx\/luxuryclub\/wp-content\/uploads\/2024\/10\/cropped-Bandoneon-logo-512-512-70x41.png 70w, https:\/\/luxurymag.mx\/luxuryclub\/wp-content\/uploads\/2024\/10\/cropped-Bandoneon-logo-512-512.png 512w\" sizes=\"(max-width: 200px) 100vw, 200px\" \/>Bandone\u00f3n es una expresi\u00f3n de la mezcla de sabores del mar y carnes con la m\u00e1s alta calidad y un servicio que nos ha mantenido en el gusto de nuestros clientes amantes del buen comer.<\/p>\t\t\t\t\t<\/div>\n\t\t\t\t          <div id=\"pt-tab-content-1232\" class=\"pt-tab-content elementor-clearfix item\" data-tab=\"2\" data-name=\"Ubicaciones\" role=\"tabpanel\" aria-labelledby=\"pt-tab-title-1232\" tabindex=\"0\">\n            <iframe src=\"https:\/\/www.google.com\/maps\/embed?pb=!1m18!1m12!1m3!1d3721.2136572462846!2d-86.82451932417224!3d21.14389388381301!2m3!1f0!2f0!3f0!3m2!1i1024!2i768!4f13.1!3m3!1m2!1s0x8f4c295885070ec7%3A0x3d582d0a989bf3ce!2sBandoneon!5e0!3m2!1ses-419!2smx!4v1729810146730!5m2!1ses-419!2smx\" width=\"100%\" height=\"250\" style=\"border:0;\" allowfullscreen=\"\" loading=\"lazy\" referrerpolicy=\"no-referrer-when-downgrade\"><\/iframe>\t\t\t\t\t<\/div>\n\t\t\t\t\t\t\t<\/div>\n\t\t<\/div>\n\t\t\t\t<\/div>\n\t\t\t\t<\/div>\n\t\t\t\t<div class=\"elementor-element elementor-element-42ded63 elementor-widget elementor-widget-yprm_button\" data-id=\"42ded63\" data-element_type=\"widget\" data-widget_type=\"yprm_button.default\">\n\t\t\t\t<div class=\"elementor-widget-container\">\n\t\t\t\n\t\t<div class=\"button-container\">\n\t\t\t<a class=\"button-elementor button-style1\" href=\"#\" target=\"_self\">\n\t\t\t\t\t\t\t\t<span>Saber m\u00e1s<\/span>\n\t\t\t\t<i class=\"basic-ui basic-ui-icon-right-arrow\"><\/i>\t\t\t<\/a>\n\t\t<\/div>\n\n\t\t\t\t<\/div>\n\t\t\t\t<\/div>\n\t\t\t\t\t<\/div>\n\t\t<\/div>\n\t\t\t\t<div class=\"elementor-column elementor-col-50 elementor-top-column elementor-element elementor-element-104d4a4\" data-id=\"104d4a4\" data-element_type=\"column\">\n\t\t\t<div class=\"elementor-widget-wrap elementor-element-populated\">\n\t\t\t\t\t\t<div class=\"elementor-element elementor-element-1036ca8 elementor-widget elementor-widget-yprm_side_image\" data-id=\"1036ca8\" data-element_type=\"widget\" data-widget_type=\"yprm_side_image.default\">\n\t\t\t\t<div class=\"elementor-widget-container\">\n\t\t\t\t\t\t<div class=\"side-img style-square align-right\">\n\t\t\t\t<div style=\"background-image: url(https:\/\/luxurymag.mx\/luxuryclub\/wp-content\/uploads\/2024\/10\/ubicacion-collage-bandoneon-01.webp);\"><\/div>\n\t\t\t<\/div>\n\t\t\t\t<\/div>\n\t\t\t\t<\/div>\n\t\t\t\t\t<\/div>\n\t\t<\/div>\n\t\t\t\t\t<\/div>\n\t\t<\/section>\n\t\t\t\t<\/div>\n\t\t","protected":false},"excerpt":{"rendered":"<p>CLUB LUXURY EXPERIENCE Restaurante ROSA NEGRA COCINA LATINOAMERICANA &amp; STEAKHOUSE EN MEXICO Ya sea en el coraz\u00f3n de Polanco, en las playas de Los Cabos o en las bulliciosas calles de Miami, cada sucursal de RosaNegra es un templo dedicado a la vida y la gastronom\u00eda latinoamericanas. Saber m\u00e1s CAMBALACHE CORTE DE CARNES En Cambalache [&hellip;]<\/p>\n","protected":false},"author":1,"featured_media":0,"parent":0,"menu_order":0,"comment_status":"closed","ping_status":"closed","template":"template-landing.php","meta":{"_acf_changed":false,"footnotes":""},"class_list":["post-1909","page","type-page","status-publish","hentry"],"acf":[],"_links":{"self":[{"href":"https:\/\/luxurymag.mx\/luxuryclub\/wp-json\/wp\/v2\/pages\/1909","targetHints":{"allow":["GET"]}}],"collection":[{"href":"https:\/\/luxurymag.mx\/luxuryclub\/wp-json\/wp\/v2\/pages"}],"about":[{"href":"https:\/\/luxurymag.mx\/luxuryclub\/wp-json\/wp\/v2\/types\/page"}],"author":[{"embeddable":true,"href":"https:\/\/luxurymag.mx\/luxuryclub\/wp-json\/wp\/v2\/users\/1"}],"replies":[{"embeddable":true,"href":"https:\/\/luxurymag.mx\/luxuryclub\/wp-json\/wp\/v2\/comments?post=1909"}],"version-history":[{"count":77,"href":"https:\/\/luxurymag.mx\/luxuryclub\/wp-json\/wp\/v2\/pages\/1909\/revisions"}],"predecessor-version":[{"id":4102,"href":"https:\/\/luxurymag.mx\/luxuryclub\/wp-json\/wp\/v2\/pages\/1909\/revisions\/4102"}],"wp:attachment":[{"href":"https:\/\/luxurymag.mx\/luxuryclub\/wp-json\/wp\/v2\/media?parent=1909"}],"curies":[{"name":"wp","href":"https:\/\/api.w.org\/{rel}","templated":true}]}}